{"id":1558,"date":"2019-02-05T14:19:41","date_gmt":"2019-02-05T13:19:41","guid":{"rendered":"http:\/\/www.irongym.cz\/?page_id=1558"},"modified":"2025-11-19T22:46:17","modified_gmt":"2025-11-19T21:46:17","slug":"rezervace-na-lekci","status":"publish","type":"page","link":"https:\/\/www.irongym.cz\/?page_id=1558","title":{"rendered":"REZERVACE NA LEKCI"},"content":{"rendered":"<h4 style=\"text-align: center;\"><span style=\"color: #ffcc00;\"><strong>\u010ct\u011bte pros\u00edm p\u0159ilo\u017een\u00fd text, kter\u00fd slou\u017e\u00ed jako rezerva\u010dn\u00ed \u0159\u00e1d<\/strong><\/span><\/h4>\n<ul>\n<li style=\"text-align: left;\"><span style=\"color: #000000;\"><strong>pro \u00fa\u010dast na s\u00e1lov\u00fdch lekc\u00edch je nutn\u00e9 u\u010dinit na n\u00ed\u017ee p\u0159ilo\u017een\u00e9m odkazu ( p\u0159es zelen\u00e9 tla\u010d\u00edtko rezervace lekc\u00ed ) registraci a n\u00e1sledn\u011b rezervaci\u00a0<\/strong><\/span><\/li>\n<li><span style=\"color: #000000;\"><strong>v kalend\u00e1\u0159i si p\u0159ep\u00edn\u00e1te t\u00fddny pomoc\u00ed \u0161ipek u kalend\u00e1\u0159e, \u010d\u00edslo pod n\u00e1zvem lekce znamen\u00e1 <em>po\u010det p\u0159ihl\u00e1\u0161en\u00fdch \/ maxim\u00e1ln\u00ed kapacita<\/em>\u00a0 (nap\u0159. 6\/18 znamen\u00e1 6 p\u0159ihl\u00e1\u0161en\u00fdch, maxim\u00e1ln\u00ed kapacita 18 a zb\u00fdv\u00e1 tedy 12 voln\u00fdch m\u00edst)<\/strong><\/span><\/li>\n<\/ul>\n<hr \/>\n<p style=\"text-align: center;\"><span style=\"color: #000000;\"><strong style=\"line-height: inherit;\"><a class=\"maxbutton-1 maxbutton maxbutton-rezervace-lekci\" href=\"https:\/\/www.web-rezervace.cz\/prihlaseni\/den\/index.php?date=08.10.2019&rezervace=irongym\"><span class='mb-text'>REZERVACE LEKC\u00cd<\/span><\/a><\/strong><\/span><\/p>\n<hr \/>\n<ul>\n<li><span style=\"color: #000000;\"><strong>lekce se konaj\u00ed od 3 p\u0159ihl\u00e1\u0161en\u00fdch, <\/strong><strong>sm\u011brodatn\u00fd je po\u010det p\u0159ihl\u00e1\u0161en\u00fdch hodinu p\u0159ed za\u010d\u00e1tkem lekce (pokud nejsou 3 p\u0159ihl\u00e1\u0161en\u00ed, lekce se ru\u0161\u00ed)<\/strong><\/span><\/li>\n<li><span style=\"color: #000000;\"><em><strong>rezervace \u010di\u0148te s rozmyslem, nejzaz\u0161\u00ed<\/strong><strong> term\u00edn pro odhl\u00e1\u0161en\u00ed va\u0161\u00ed \u00fa\u010dasti na lekci je 3 hodin p\u0159ed za\u010d\u00e1tkem lekce<\/strong><\/em><\/span><\/li>\n<li><span style=\"color: #000000;\"><strong>Pokud se nestihnete odhl\u00e1sit 3 hodiny p\u0159ed za\u010d\u00e1tkem lekce, <span style=\"color: #ff0000;\">bude V\u00e1m p\u0159i dal\u0161\u00ed n\u00e1v\u0161t\u011bv\u011b \u00fa\u010dtov\u00e1na PLN\u00c1 \u010c\u00c1STKA za danou lekci<\/span><\/strong><\/span><\/li>\n<li><span style=\"color: #000000;\"><strong>v\u011b\u0159\u00edme, \u017ee rezerva\u010dn\u00ed syst\u00e9m bude slou\u017eit pro v\u00e1\u0161 komfort<\/strong><\/span><\/li>\n<\/ul>\n<blockquote><p><span style=\"color: #000000;\"><i>Informace o z\u00e1kazn\u00edc\u00edch jsou uschov\u00e1ny v souladu s platn\u00fdmi z\u00e1kony \u010cesk\u00e9 republiky, zejm\u00e9na se z\u00e1konem o ochran\u011b osobn\u00edch \u00fadaj\u016f \u010d. 101\/2000 Sb. ve zn\u011bn\u00ed pozd\u011bj\u0161\u00edch dodatk\u016f a p\u0159edpis\u016f. Ve\u0161ker\u00e9 \u00fadaje z\u00edskan\u00e9 od z\u00e1kazn\u00edk\u016f u\u017e\u00edv\u00e1me v\u00fdhradn\u011b pro vnit\u0159n\u00ed pot\u0159ebu spole\u010dnosti a neposkytujeme je t\u0159et\u00edm osob\u00e1m. <\/i><i>Bez v\u00fdslovn\u00e9ho souhlasu z\u00e1kazn\u00edk\u016f nakl\u00e1d\u00e1me\u00a0 s osobn\u00edmi \u00fadaji pouze a v\u00fdhradn\u011b v rozsahu, kter\u00fd p\u0159ipou\u0161t\u00ed z\u00e1kon o ochran\u011b osobn\u00edch \u00fadaj\u016f, a to p\u0159edev\u0161\u00edm v \u00a7 5 odst. 2 p\u00edsm. b) a v \u00a7 5 odst. 6.<\/i><\/span><\/p><\/blockquote>\n","protected":false},"excerpt":{"rendered":"<p>\u010ct\u011bte pros\u00edm p\u0159ilo\u017een\u00fd text, kter\u00fd slou\u017e\u00ed jako rezerva\u010dn\u00ed \u0159\u00e1d pro \u00fa\u010dast na s\u00e1lov\u00fdch lekc\u00edch je nutn\u00e9 u\u010dinit na n\u00ed\u017ee p\u0159ilo\u017een\u00e9m odkazu ( p\u0159es zelen\u00e9 tla\u010d\u00edtko rezervace lekc\u00ed ) registraci a n\u00e1sledn\u011b rezervaci\u00a0 v kalend\u00e1\u0159i si p\u0159ep\u00edn\u00e1te t\u00fddny pomoc\u00ed \u0161ipek u kalend\u00e1\u0159e, \u010d\u00edslo pod n\u00e1zvem lekce znamen\u00e1 po\u010det p\u0159ihl\u00e1\u0161en\u00fdch \/ maxim\u00e1ln\u00ed kapacita\u00a0 (nap\u0159. 6\/18 znamen\u00e1 6 [&hellip;]<\/p>\n","protected":false},"author":1,"featured_media":0,"parent":0,"menu_order":0,"comment_status":"closed","ping_status":"closed","template":"","meta":{"footnotes":""},"class_list":["post-1558","page","type-page","status-publish","hentry"],"_links":{"self":[{"href":"https:\/\/www.irongym.cz\/index.php?rest_route=\/wp\/v2\/pages\/1558","targetHints":{"allow":["GET"]}}],"collection":[{"href":"https:\/\/www.irongym.cz\/index.php?rest_route=\/wp\/v2\/pages"}],"about":[{"href":"https:\/\/www.irongym.cz\/index.php?rest_route=\/wp\/v2\/types\/page"}],"author":[{"embeddable":true,"href":"https:\/\/www.irongym.cz\/index.php?rest_route=\/wp\/v2\/users\/1"}],"replies":[{"embeddable":true,"href":"https:\/\/www.irongym.cz\/index.php?rest_route=%2Fwp%2Fv2%2Fcomments&post=1558"}],"version-history":[{"count":26,"href":"https:\/\/www.irongym.cz\/index.php?rest_route=\/wp\/v2\/pages\/1558\/revisions"}],"predecessor-version":[{"id":3249,"href":"https:\/\/www.irongym.cz\/index.php?rest_route=\/wp\/v2\/pages\/1558\/revisions\/3249"}],"wp:attachment":[{"href":"https:\/\/www.irongym.cz\/index.php?rest_route=%2Fwp%2Fv2%2Fmedia&parent=1558"}],"curies":[{"name":"wp","href":"https:\/\/api.w.org\/{rel}","templated":true}]}}