{"id":1029,"date":"2017-09-30T15:44:32","date_gmt":"2017-09-30T13:44:32","guid":{"rendered":"http:\/\/www.irongym.cz\/?page_id=1029"},"modified":"2025-10-24T23:05:46","modified_gmt":"2025-10-24T21:05:46","slug":"cenik","status":"publish","type":"page","link":"https:\/\/www.irongym.cz\/?page_id=1029","title":{"rendered":"CEN\u00cdK"},"content":{"rendered":"<p style=\"text-align: center;\"><span style=\"color: #800080;\"><strong>Karty MultiSport\u00ae p\u0159ij\u00edm\u00e1me na vstup do posilovny a na s\u00e1lov\u00e9 lekce.\u00a0<\/strong><\/span><\/p>\n<h5 style=\"text-align: center;\"><span style=\"color: #ff0000;\"><strong>PLATEBN\u00cd \u00a0 KARTY \u00a0 NEAKCEPTUJEME<\/strong><\/span><\/h5>\n<p><a href=\"https:\/\/www.irongym.cz\/wp-content\/uploads\/2024\/04\/cenik-duben-2024-scaled.jpg\"><img loading=\"lazy\" decoding=\"async\" class=\"aligncenter wp-image-2662 size-medium\" src=\"https:\/\/www.irongym.cz\/wp-content\/uploads\/2024\/04\/cenik-duben-2024-212x300.jpg\" alt=\"\" width=\"212\" height=\"300\" srcset=\"https:\/\/www.irongym.cz\/wp-content\/uploads\/2024\/04\/cenik-duben-2024-212x300.jpg 212w, https:\/\/www.irongym.cz\/wp-content\/uploads\/2024\/04\/cenik-duben-2024-724x1024.jpg 724w, https:\/\/www.irongym.cz\/wp-content\/uploads\/2024\/04\/cenik-duben-2024-768x1086.jpg 768w, https:\/\/www.irongym.cz\/wp-content\/uploads\/2024\/04\/cenik-duben-2024-1086x1536.jpg 1086w, https:\/\/www.irongym.cz\/wp-content\/uploads\/2024\/04\/cenik-duben-2024-1448x2048.jpg 1448w, https:\/\/www.irongym.cz\/wp-content\/uploads\/2024\/04\/cenik-duben-2024-scaled.jpg 1810w\" sizes=\"auto, (max-width: 212px) 100vw, 212px\" \/><\/a><\/p>\n<p><a href=\"https:\/\/www.irongym.cz\/wp-content\/uploads\/2017\/09\/multisport.jpg\"><img loading=\"lazy\" decoding=\"async\" class=\"aligncenter size-medium wp-image-1031\" src=\"https:\/\/www.irongym.cz\/wp-content\/uploads\/2017\/09\/multisport-300x191.jpg\" alt=\"\" width=\"300\" height=\"191\" srcset=\"https:\/\/www.irongym.cz\/wp-content\/uploads\/2017\/09\/multisport-300x191.jpg 300w, https:\/\/www.irongym.cz\/wp-content\/uploads\/2017\/09\/multisport-768x490.jpg 768w, https:\/\/www.irongym.cz\/wp-content\/uploads\/2017\/09\/multisport.jpg 1024w\" sizes=\"auto, (max-width: 300px) 100vw, 300px\" \/><\/a><\/p>\n","protected":false},"excerpt":{"rendered":"<p>Karty MultiSport\u00ae p\u0159ij\u00edm\u00e1me na vstup do posilovny a na s\u00e1lov\u00e9 lekce.\u00a0 PLATEBN\u00cd \u00a0 KARTY \u00a0 NEAKCEPTUJEME<\/p>\n","protected":false},"author":1,"featured_media":0,"parent":0,"menu_order":0,"comment_status":"closed","ping_status":"closed","template":"","meta":{"footnotes":""},"class_list":["post-1029","page","type-page","status-publish","hentry"],"_links":{"self":[{"href":"https:\/\/www.irongym.cz\/index.php?rest_route=\/wp\/v2\/pages\/1029","targetHints":{"allow":["GET"]}}],"collection":[{"href":"https:\/\/www.irongym.cz\/index.php?rest_route=\/wp\/v2\/pages"}],"about":[{"href":"https:\/\/www.irongym.cz\/index.php?rest_route=\/wp\/v2\/types\/page"}],"author":[{"embeddable":true,"href":"https:\/\/www.irongym.cz\/index.php?rest_route=\/wp\/v2\/users\/1"}],"replies":[{"embeddable":true,"href":"https:\/\/www.irongym.cz\/index.php?rest_route=%2Fwp%2Fv2%2Fcomments&post=1029"}],"version-history":[{"count":18,"href":"https:\/\/www.irongym.cz\/index.php?rest_route=\/wp\/v2\/pages\/1029\/revisions"}],"predecessor-version":[{"id":3215,"href":"https:\/\/www.irongym.cz\/index.php?rest_route=\/wp\/v2\/pages\/1029\/revisions\/3215"}],"wp:attachment":[{"href":"https:\/\/www.irongym.cz\/index.php?rest_route=%2Fwp%2Fv2%2Fmedia&parent=1029"}],"curies":[{"name":"wp","href":"https:\/\/api.w.org\/{rel}","templated":true}]}}